{"id":116,"date":"2016-03-21T18:35:38","date_gmt":"2016-03-21T18:35:38","guid":{"rendered":"http:\/\/archi-jbeily.com\/archi-jbeily\/?page_id=116"},"modified":"2026-03-19T16:12:05","modified_gmt":"2026-03-19T16:12:05","slug":"tarifs","status":"publish","type":"page","link":"http:\/\/archi-jbeily.com\/archi-jbeily\/?page_id=116","title":{"rendered":"Tarifs"},"content":{"rendered":"<h4><font dir=\"auto\" style=\"vertical-align: inherit;\"><font dir=\"auto\" style=\"vertical-align: inherit;\">Ci-apr\u00e8s <\/font><\/font><strong><font dir=\"auto\" style=\"vertical-align: inherit;\"><font dir=\"auto\" style=\"vertical-align: inherit;\">\u00e0 titre indicatif nos tarifs :<\/font><\/font><\/strong><\/h4>\n<h4><strong><font dir=\"auto\" style=\"vertical-align: inherit;\"><font dir=\"auto\" style=\"vertical-align: inherit;\">I. Mission Partielle<\/font><\/font><\/strong><\/h4>\n<hr>\n<p><font dir=\"auto\" style=\"vertical-align: inherit;\"><font dir=\"auto\" style=\"vertical-align: inherit;\">Pour les missions qui se limitent au dossier d&#8217;urbanisme (D\u00e9claration de Travaux, Permis de Construire, etc.) ou le r\u00e9am\u00e9nagement int\u00e9rieur, nous proposons une mission partielle.<\/font><\/font><\/p>\n<p><font dir=\"auto\" style=\"vertical-align: inherit;\"><font dir=\"auto\" style=\"vertical-align: inherit;\">Notre mission comprend : visite sur site, \u00e9tudes pr\u00e9liminaires, relev\u00e9, avant-projet, \u00e9laboration du dossier d&#8217;urbanisme, son d\u00e9p\u00f4t en commune et son suivi jusqu&#8217;\u00e0 la r\u00e9ponse des services administratifs \u00e0 notre demande.<\/font><\/font><\/p>\n<p><font dir=\"auto\" style=\"vertical-align: inherit;\"><font dir=\"auto\" style=\"vertical-align: inherit;\">Les honoraires pour une mission partielle varient selon la nature du projet, sa situation g\u00e9ographique, sa taille (existante et projet en cas d&#8217;extension), la complexit\u00e9 de l&#8217;op\u00e9ration, etc.<\/font><\/font><\/p>\n<ol>\n<li><font dir=\"auto\" style=\"vertical-align: inherit;\"><font dir=\"auto\" style=\"vertical-align: inherit;\">Pour une extension\/sur\u00e9l\u00e9vation, d\u00e9claration pr\u00e9alable de travaux, nous proposons pour des projets de petite taille (existant et projet) un forfait \u00e0 partir de 4.900\u20acHT avec une TVA \u00e0 20%.<\/font><\/font><\/li>\n<li><font dir=\"auto\" style=\"vertical-align: inherit;\"><font dir=\"auto\" style=\"vertical-align: inherit;\">Pour une maison individuelle, nous proposons un forfait \u00e0 partir de 6.500\u20acHT avec une TVA \u00e0 20%<\/font><\/font><\/li>\n<li><font dir=\"auto\" style=\"vertical-align: inherit;\"><font dir=\"auto\" style=\"vertical-align: inherit;\">Pour un projet de r\u00e9am\u00e9nagement int\u00e9rieur, nous proposons un forfait \u00e0 partir de 2.100\u20acHT avec une TVA \u00e0 20%.<\/font><\/font><\/li>\n<\/ol>\n<p><font dir=\"auto\" style=\"vertical-align: inherit;\"><font dir=\"auto\" style=\"vertical-align: inherit;\">Notre agence vous soumettra \u00e0 votre demande une proposition d&#8217;honoraires sp\u00e9cifiques \u00e0 votre projet. <\/font><\/font><font dir=\"auto\" style=\"vertical-align: inherit;\"><font dir=\"auto\" style=\"vertical-align: inherit;\">Il suffit de nous adresser une demande par mail avec un descriptif du projet et des photos du bien en question.<\/font><\/font><\/p>\n<p><em><strong><font dir=\"auto\" style=\"vertical-align: inherit;\"><font dir=\"auto\" style=\"vertical-align: inherit;\">Afin de nous envoyer un mail, merci de le faire directement depuis votre bo\u00eete mail. <\/font><\/font><font dir=\"auto\" style=\"vertical-align: inherit;\"><font dir=\"auto\" style=\"vertical-align: inherit;\">En utilisant le lien sur le site, votre mail risque de tomber dans les spams.<\/font><\/font><\/strong><\/em><\/p>\n<h4><strong><font dir=\"auto\" style=\"vertical-align: inherit;\"><font dir=\"auto\" style=\"vertical-align: inherit;\">II. <\/font><\/font><font dir=\"auto\" style=\"vertical-align: inherit;\"><font dir=\"auto\" style=\"vertical-align: inherit;\">Mission avec suivi travaux<\/font><\/font><\/strong><\/h4>\n<hr>\n<p><font dir=\"auto\" style=\"vertical-align: inherit;\"><font dir=\"auto\" style=\"vertical-align: inherit;\">Il faudra compter en honoraires entre 9 et 12 % du montant des travaux. <\/font><\/font><br \/>\n<u><font dir=\"auto\" style=\"vertical-align: inherit;\"><font dir=\"auto\" style=\"vertical-align: inherit;\">Le pourcentage va d\u00e9pendre :<\/font><\/font><\/u><\/p>\n<p><strong><font dir=\"auto\" style=\"vertical-align: inherit;\"><font dir=\"auto\" style=\"vertical-align: inherit;\">&#8211;&nbsp;<\/font><\/font><\/strong><font dir=\"auto\" style=\"vertical-align: inherit;\"><font dir=\"auto\" style=\"vertical-align: inherit;\"> De l&#8217;\u00e9tendue de la mission<\/font><\/font><\/p>\n<p><strong><font dir=\"auto\" style=\"vertical-align: inherit;\"><font dir=\"auto\" style=\"vertical-align: inherit;\">&#8211;&nbsp;<\/font><\/font><\/strong><font dir=\"auto\" style=\"vertical-align: inherit;\"><font dir=\"auto\" style=\"vertical-align: inherit;\"> De la complexit\u00e9 de l&#8217;op\u00e9ration<\/font><\/font><\/p>\n<p><strong><font dir=\"auto\" style=\"vertical-align: inherit;\"><font dir=\"auto\" style=\"vertical-align: inherit;\">&#8211;&nbsp;<\/font><\/font><\/strong><font dir=\"auto\" style=\"vertical-align: inherit;\"><font dir=\"auto\" style=\"vertical-align: inherit;\"> De l&#8217;importance, du montant et de la nature des travaux<\/font><\/font><\/p>\n<h4><strong><font dir=\"auto\" style=\"vertical-align: inherit;\"><font dir=\"auto\" style=\"vertical-align: inherit;\">III. <\/font><\/font><font dir=\"auto\" style=\"vertical-align: inherit;\"><font dir=\"auto\" style=\"vertical-align: inherit;\">Le d\u00e9placement-conseil<\/font><\/font><\/strong><\/h4>\n<hr>\n<p><font dir=\"auto\" style=\"vertical-align: inherit;\"><font dir=\"auto\" style=\"vertical-align: inherit;\">Les honoraires d&#8217;un d\u00e9placement-conseil sont de 350 \u20ac HT dans la limite des 30 kilom\u00e8tres de notre agence. <\/font><\/font><font dir=\"auto\" style=\"vertical-align: inherit;\"><font dir=\"auto\" style=\"vertical-align: inherit;\">Au-del\u00e0 de cette distance, les frais de transports seront factur\u00e9s. <\/font><\/font><font dir=\"auto\" style=\"vertical-align: inherit;\"><font dir=\"auto\" style=\"vertical-align: inherit;\">Ils sont calcul\u00e9s en fonction de la distance depuis notre agence.<\/font><\/font><\/p>\n<p><em><font dir=\"auto\" style=\"vertical-align: inherit;\"><font dir=\"auto\" style=\"vertical-align: inherit;\">Au-del\u00e0 de cette zone, le co\u00fbt des transports sera calcul\u00e9 sur la base du bar\u00e8me kilom\u00e9trique 2025 d\u00e9finie par la loi fran\u00e7aise.<\/font><\/font><\/em><\/p>\n<p><u><font dir=\"auto\" style=\"vertical-align: inherit;\"><font dir=\"auto\" style=\"vertical-align: inherit;\">Les honoraires per\u00e7us lors du d\u00e9placement-conseil seront d\u00e9duits de notre prestation&nbsp;<\/font><\/font><\/u><font dir=\"auto\" style=\"vertical-align: inherit;\"><font dir=\"auto\" style=\"vertical-align: inherit;\"> dans le cadre d&#8217;une mission suppl\u00e9mentaire sur votre projet objet de notre d\u00e9placement.<\/font><\/font><\/p>\n<p><font dir=\"auto\" style=\"vertical-align: inherit;\"><font dir=\"auto\" style=\"vertical-align: inherit;\">Ce d\u00e9placement-conseil nous permet de prendre connaissance de votre projet, de vos besoins, de votre probl\u00e9matique ainsi que de votre budget afin de pouvoir vous orienter et vous conseiller dans la limite de nos domaines de comp\u00e9tences et de notre mission. <\/font><\/font><br \/>\n<font dir=\"auto\" style=\"vertical-align: inherit;\"><font dir=\"auto\" style=\"vertical-align: inherit;\">Nous pr\u00e9cisons que dans le cadre de cette prestation nous ne communiquons pas de projet architectural ni de solutions techniques finales mais plut\u00f4t des orientations, des pr\u00e9conisations et des conseils.<\/font><\/font><\/p>\n<p><font dir=\"auto\" style=\"vertical-align: inherit;\"><font dir=\"auto\" style=\"vertical-align: inherit;\">Pour certains types de prestations, nos facturations sont au tarif horaire avec 120 \u20acHT\/Heure.<\/font><\/font><\/p>\n<p><font dir=\"auto\" style=\"vertical-align: inherit;\"><font dir=\"auto\" style=\"vertical-align: inherit;\">Notre tarif journalier est de 800 <\/font><\/font><font dir=\"auto\" style=\"vertical-align: inherit;\"><font dir=\"auto\" style=\"vertical-align: inherit;\">\u20acHT. Ce tarif varie en fonction de la mission et de sa dur\u00e9e.<\/font><\/font><\/p>\n<p><strong><u><font dir=\"auto\" style=\"vertical-align: inherit;\"><font dir=\"auto\" style=\"vertical-align: inherit;\">Faire appel \u00e0 un architecte est toujours positif<\/font><\/font><\/u><\/strong><strong><font dir=\"auto\" style=\"vertical-align: inherit;\"><font dir=\"auto\" style=\"vertical-align: inherit;\">  &nbsp;!<\/font><\/font><\/strong><\/p>\n<p><em><font dir=\"auto\" style=\"vertical-align: inherit;\"><font dir=\"auto\" style=\"vertical-align: inherit;\">&#8220;Vous r\u00e9mun\u00e9rez votre architecte, mais celui-ci vous fait des \u00e9conomies<\/font><\/font><\/em><\/p>\n<p><strong><em><font dir=\"auto\" style=\"vertical-align: inherit;\"><font dir=\"auto\" style=\"vertical-align: inherit;\">&#8211;<\/font><\/font><\/em><\/strong><em><font dir=\"auto\" style=\"vertical-align: inherit;\"><font dir=\"auto\" style=\"vertical-align: inherit;\">  &nbsp;en organisant une v\u00e9ritable concurrence entre les entreprises susceptibles d&#8217;intervenir sur votre chantier,<\/font><\/font><\/em><\/p>\n<p><strong><em><font dir=\"auto\" style=\"vertical-align: inherit;\"><font dir=\"auto\" style=\"vertical-align: inherit;\">&#8211;<\/font><\/font><\/em><\/strong><em><font dir=\"auto\" style=\"vertical-align: inherit;\"><font dir=\"auto\" style=\"vertical-align: inherit;\">  &nbsp;en v\u00e9rifiant que les mat\u00e9riaux utilis\u00e9s et les techniques de mise en \u0153uvre correspondent parfaitement, et a propos\u00e9, \u00e0 ce qu&#8217;il a \u00e9t\u00e9 pr\u00e9vu pour le march\u00e9 de l&#8217;entreprise,&nbsp;<\/font><\/font><\/em><\/p>\n<p><em><strong><font dir=\"auto\" style=\"vertical-align: inherit;\"><font dir=\"auto\" style=\"vertical-align: inherit;\">&#8211;<\/font><\/font><\/strong><font dir=\"auto\" style=\"vertical-align: inherit;\"><font dir=\"auto\" style=\"vertical-align: inherit;\">  &nbsp;en garantissant en permanence que le calendrier de la construction sera respect\u00e9,&nbsp;<\/font><\/font><\/em><\/p>\n<p><em><strong><font dir=\"auto\" style=\"vertical-align: inherit;\"><font dir=\"auto\" style=\"vertical-align: inherit;\">&#8211;<\/font><\/font><\/strong><font dir=\"auto\" style=\"vertical-align: inherit;\"><font dir=\"auto\" style=\"vertical-align: inherit;\">  &nbsp;en vous pr\u00e9servant par sa comp\u00e9tence contre les mauvaises surprises de constructions qui vieillissent mal,&nbsp;<\/font><\/font><\/em><\/p>\n<p><em><strong><font dir=\"auto\" style=\"vertical-align: inherit;\"><font dir=\"auto\" style=\"vertical-align: inherit;\">&#8211;<\/font><\/font><\/strong><font dir=\"auto\" style=\"vertical-align: inherit;\"><font dir=\"auto\" style=\"vertical-align: inherit;\">  &nbsp;Votre architecture a un int\u00e9r\u00eat \u00e0 vous satisfaire : votre maison et vous-m\u00eame serez sa meilleure publicit\u00e9. <\/font><\/font><font dir=\"auto\" style=\"vertical-align: inherit;\"><font dir=\"auto\" style=\"vertical-align: inherit;\">&#8220;<\/font><\/font><\/em><\/p>\n<p><em><font dir=\"auto\" style=\"vertical-align: inherit;\"><font dir=\"auto\" style=\"vertical-align: inherit;\">Source : Ordre des architectes<\/font><\/font><\/em><\/p>\n<p><strong><font dir=\"auto\" style=\"vertical-align: inherit;\"><font dir=\"auto\" style=\"vertical-align: inherit;\">Attention :<\/font><\/font><\/strong><\/p>\n<p><font dir=\"auto\" style=\"vertical-align: inherit;\"><font dir=\"auto\" style=\"vertical-align: inherit;\">Les plans en dwg (Autocad) r\u00e9alis\u00e9s par notre agence restent notre propri\u00e9t\u00e9 et ne vous seront pas communiqu\u00e9s. <\/font><\/font><font dir=\"auto\" style=\"vertical-align: inherit;\"><font dir=\"auto\" style=\"vertical-align: inherit;\">Seuls les \u00e9l\u00e9ments num\u00e9riques en pdf et une version papier vous seront communiqu\u00e9s.<\/font><\/font><\/p>\n","protected":false},"excerpt":{"rendered":"<p>Ci-apr\u00e8s \u00e0 titre indicatif nos tarifs : I. Mission Partielle&#8230; <\/p>\n","protected":false},"author":1,"featured_media":0,"parent":0,"menu_order":0,"comment_status":"closed","ping_status":"open","template":"","meta":[],"_links":{"self":[{"href":"http:\/\/archi-jbeily.com\/archi-jbeily\/index.php?rest_route=\/wp\/v2\/pages\/116"}],"collection":[{"href":"http:\/\/archi-jbeily.com\/archi-jbeily\/index.php?rest_route=\/wp\/v2\/pages"}],"about":[{"href":"http:\/\/archi-jbeily.com\/archi-jbeily\/index.php?rest_route=\/wp\/v2\/types\/page"}],"author":[{"embeddable":true,"href":"http:\/\/archi-jbeily.com\/archi-jbeily\/index.php?rest_route=\/wp\/v2\/users\/1"}],"replies":[{"embeddable":true,"href":"http:\/\/archi-jbeily.com\/archi-jbeily\/index.php?rest_route=%2Fwp%2Fv2%2Fcomments&post=116"}],"version-history":[{"count":237,"href":"http:\/\/archi-jbeily.com\/archi-jbeily\/index.php?rest_route=\/wp\/v2\/pages\/116\/revisions"}],"predecessor-version":[{"id":906,"href":"http:\/\/archi-jbeily.com\/archi-jbeily\/index.php?rest_route=\/wp\/v2\/pages\/116\/revisions\/906"}],"wp:attachment":[{"href":"http:\/\/archi-jbeily.com\/archi-jbeily\/index.php?rest_route=%2Fwp%2Fv2%2Fmedia&parent=116"}],"curies":[{"name":"wp","href":"https:\/\/api.w.org\/{rel}","templated":true}]}}